{"id":317,"date":"2021-01-03T20:28:48","date_gmt":"2021-01-04T01:28:48","guid":{"rendered":"https:\/\/bromevillage.ca\/transit\/"},"modified":"2021-02-09T09:11:49","modified_gmt":"2021-02-09T14:11:49","slug":"transit","status":"publish","type":"page","link":"https:\/\/bromevillage.ca\/en\/transit\/","title":{"rendered":"Public transit"},"content":{"rendered":"<div class=\"wpb-content-wrapper\"><p>[vc_row][vc_column][vc_custom_heading text=&#8221;Public and adapted transit&#8221; use_theme_fonts=&#8221;yes&#8221;][vc_column_text]Citizens of the municipality, through the MRC Brome-Missisquoi service, can benefit from a public transit service and adapted transit service.<\/p>\n<p>The MRC Brome-Missisquoi Adapted Transportation Service offers door-to-door transit that operates by reservation only.<\/p>\n<p>The intermunicipal public transit service is a public transport service that operates on reservation only registration is required.[\/vc_column_text]\n<a href=\"https:\/\/mrcbm.qc.ca\/en\/transp_ta.php\"\n    class=\"lsvr-button\"\n     target=\"_blank\"    >\n    Paratransit<\/a>\n\n\n<a href=\"https:\/\/mrcbm.qc.ca\/en\/transp_tc.php\"\n    class=\"lsvr-button\"\n     target=\"_blank\"    >\n    Public transit<\/a>\n\n[\/vc_column][\/vc_row]\n<\/div>","protected":false},"excerpt":{"rendered":"<p>[vc_row][vc_column][vc_custom_heading text=&#8221;Public and adapted transit&#8221; use_theme_fonts=&#8221;yes&#8221;][vc_column_text]Citizens of the municipality, through the MRC Brome-Missisquoi service, can benefit from a public transit service and adapted transit service. The MRC Brome-Missisquoi Adapted Transportation Service offers door-to-door transit that operates by reservation only. The intermunicipal public transit service is a public transport service that operates on reservation only registration [&hellip;]<\/p>\n","protected":false},"author":1,"featured_media":0,"parent":0,"menu_order":0,"comment_status":"closed","ping_status":"closed","template":"page-templates\/default-without-title.php","meta":{"_coblocks_attr":"","_coblocks_dimensions":"","_coblocks_responsive_height":"","_coblocks_accordion_ie_support":"","footnotes":""},"class_list":["post-317","page","type-page","status-publish","hentry"],"yoast_head":"<!-- This site is optimized with the Yoast SEO plugin v27.6 - https:\/\/yoast.com\/product\/yoast-seo-wordpress\/ -->\n<title>Public transit - Municipality of Brome Village<\/title>\n<meta name=\"description\" content=\"Bienvenue sur le site web de la municipalit\u00e9 du Village de Brome, reconnu comme \u00e9tant l&#039;h\u00f4te d&#039;une de plus importantes expositions agricoles du Qu\u00e9bec, la Municipalit\u00e9 du village de Brome b\u00e9n\u00e9ficie d\u2019une vue exceptionnelle sur le massif des Monts Sutton, de grands espaces, de tranquillit\u00e9 ainsi qu&#039;un esprit d&#039;entraide et de solidarit\u00e9.\" \/>\n<meta name=\"robots\" content=\"index, follow, max-snippet:-1, max-image-preview:large, max-video-preview:-1\" \/>\n<link rel=\"canonical\" href=\"https:\/\/bromevillage.ca\/en\/transit\/\" \/>\n<meta property=\"og:locale\" content=\"en_US\" \/>\n<meta property=\"og:type\" content=\"article\" \/>\n<meta property=\"og:title\" content=\"Public transit - Municipality of Brome Village\" \/>\n<meta property=\"og:description\" content=\"Bienvenue sur le site web de la municipalit\u00e9 du Village de Brome, reconnu comme \u00e9tant l&#039;h\u00f4te d&#039;une de plus importantes expositions agricoles du Qu\u00e9bec, la Municipalit\u00e9 du village de Brome b\u00e9n\u00e9ficie d\u2019une vue exceptionnelle sur le massif des Monts Sutton, de grands espaces, de tranquillit\u00e9 ainsi qu&#039;un esprit d&#039;entraide et de solidarit\u00e9.\" \/>\n<meta property=\"og:url\" content=\"https:\/\/bromevillage.ca\/en\/transit\/\" \/>\n<meta property=\"og:site_name\" content=\"Municipality of Brome Village\" \/>\n<meta property=\"article:publisher\" content=\"https:\/\/www.facebook.com\/Bromevillage\" \/>\n<meta property=\"article:modified_time\" content=\"2021-02-09T14:11:49+00:00\" \/>\n<meta property=\"og:image\" content=\"https:\/\/i0.wp.com\/bromevillage.ca\/wp-content\/uploads\/2020\/12\/Background-hiver.jpg?fit=1067%2C800&ssl=1\" \/>\n\t<meta property=\"og:image:width\" content=\"1067\" \/>\n\t<meta property=\"og:image:height\" content=\"800\" \/>\n\t<meta property=\"og:image:type\" content=\"image\/jpeg\" \/>\n<meta name=\"twitter:card\" content=\"summary_large_image\" \/>\n<meta name=\"twitter:site\" content=\"@BromeVillage\" \/>\n<script type=\"application\/ld+json\" class=\"yoast-schema-graph\">{\"@context\":\"https:\\\/\\\/schema.org\",\"@graph\":[{\"@type\":\"WebPage\",\"@id\":\"https:\\\/\\\/bromevillage.ca\\\/en\\\/transit\\\/\",\"url\":\"https:\\\/\\\/bromevillage.ca\\\/en\\\/transit\\\/\",\"name\":\"Public transit - Municipality of Brome Village\",\"isPartOf\":{\"@id\":\"https:\\\/\\\/bromevillage.ca\\\/en\\\/#website\"},\"datePublished\":\"2021-01-04T01:28:48+00:00\",\"dateModified\":\"2021-02-09T14:11:49+00:00\",\"description\":\"Bienvenue sur le site web de la municipalit\u00e9 du Village de Brome, reconnu comme \u00e9tant l'h\u00f4te d'une de plus importantes expositions agricoles du Qu\u00e9bec, la Municipalit\u00e9 du village de Brome b\u00e9n\u00e9ficie d\u2019une vue exceptionnelle sur le massif des Monts Sutton, de grands espaces, de tranquillit\u00e9 ainsi qu'un esprit d'entraide et de solidarit\u00e9.\",\"breadcrumb\":{\"@id\":\"https:\\\/\\\/bromevillage.ca\\\/en\\\/transit\\\/#breadcrumb\"},\"inLanguage\":\"en-US\",\"potentialAction\":[{\"@type\":\"ReadAction\",\"target\":[\"https:\\\/\\\/bromevillage.ca\\\/en\\\/transit\\\/\"]}]},{\"@type\":\"BreadcrumbList\",\"@id\":\"https:\\\/\\\/bromevillage.ca\\\/en\\\/transit\\\/#breadcrumb\",\"itemListElement\":[{\"@type\":\"ListItem\",\"position\":1,\"name\":\"Accueil\",\"item\":\"https:\\\/\\\/bromevillage.ca\\\/en\\\/\"},{\"@type\":\"ListItem\",\"position\":2,\"name\":\"Public transit\"}]},{\"@type\":\"WebSite\",\"@id\":\"https:\\\/\\\/bromevillage.ca\\\/en\\\/#website\",\"url\":\"https:\\\/\\\/bromevillage.ca\\\/en\\\/\",\"name\":\"Municipalit\u00e9 du village de Brome\",\"description\":\"Village de Brome - Brome Village\",\"publisher\":{\"@id\":\"https:\\\/\\\/bromevillage.ca\\\/en\\\/#organization\"},\"potentialAction\":[{\"@type\":\"SearchAction\",\"target\":{\"@type\":\"EntryPoint\",\"urlTemplate\":\"https:\\\/\\\/bromevillage.ca\\\/en\\\/?s={search_term_string}\"},\"query-input\":{\"@type\":\"PropertyValueSpecification\",\"valueRequired\":true,\"valueName\":\"search_term_string\"}}],\"inLanguage\":\"en-US\"},{\"@type\":\"Organization\",\"@id\":\"https:\\\/\\\/bromevillage.ca\\\/en\\\/#organization\",\"name\":\"Municipality of Brome Village\",\"url\":\"https:\\\/\\\/bromevillage.ca\\\/en\\\/\",\"logo\":{\"@type\":\"ImageObject\",\"inLanguage\":\"en-US\",\"@id\":\"https:\\\/\\\/bromevillage.ca\\\/en\\\/#\\\/schema\\\/logo\\\/image\\\/\",\"url\":\"https:\\\/\\\/i0.wp.com\\\/bromevillage.ca\\\/wp-content\\\/uploads\\\/2020\\\/12\\\/Village-de-Brome-logo.png?fit=617%2C519&ssl=1\",\"contentUrl\":\"https:\\\/\\\/i0.wp.com\\\/bromevillage.ca\\\/wp-content\\\/uploads\\\/2020\\\/12\\\/Village-de-Brome-logo.png?fit=617%2C519&ssl=1\",\"width\":617,\"height\":519,\"caption\":\"Municipality of Brome Village\"},\"image\":{\"@id\":\"https:\\\/\\\/bromevillage.ca\\\/en\\\/#\\\/schema\\\/logo\\\/image\\\/\"},\"sameAs\":[\"https:\\\/\\\/www.facebook.com\\\/Bromevillage\",\"https:\\\/\\\/x.com\\\/BromeVillage\"]}]}<\/script>\n<!-- \/ Yoast SEO plugin. -->","yoast_head_json":{"title":"Public transit - Municipality of Brome Village","description":"Bienvenue sur le site web de la municipalit\u00e9 du Village de Brome, reconnu comme \u00e9tant l'h\u00f4te d'une de plus importantes expositions agricoles du Qu\u00e9bec, la Municipalit\u00e9 du village de Brome b\u00e9n\u00e9ficie d\u2019une vue exceptionnelle sur le massif des Monts Sutton, de grands espaces, de tranquillit\u00e9 ainsi qu'un esprit d'entraide et de solidarit\u00e9.","robots":{"index":"index","follow":"follow","max-snippet":"max-snippet:-1","max-image-preview":"max-image-preview:large","max-video-preview":"max-video-preview:-1"},"canonical":"https:\/\/bromevillage.ca\/en\/transit\/","og_locale":"en_US","og_type":"article","og_title":"Public transit - Municipality of Brome Village","og_description":"Bienvenue sur le site web de la municipalit\u00e9 du Village de Brome, reconnu comme \u00e9tant l'h\u00f4te d'une de plus importantes expositions agricoles du Qu\u00e9bec, la Municipalit\u00e9 du village de Brome b\u00e9n\u00e9ficie d\u2019une vue exceptionnelle sur le massif des Monts Sutton, de grands espaces, de tranquillit\u00e9 ainsi qu'un esprit d'entraide et de solidarit\u00e9.","og_url":"https:\/\/bromevillage.ca\/en\/transit\/","og_site_name":"Municipality of Brome Village","article_publisher":"https:\/\/www.facebook.com\/Bromevillage","article_modified_time":"2021-02-09T14:11:49+00:00","og_image":[{"width":1067,"height":800,"url":"https:\/\/i0.wp.com\/bromevillage.ca\/wp-content\/uploads\/2020\/12\/Background-hiver.jpg?fit=1067%2C800&ssl=1","type":"image\/jpeg"}],"twitter_card":"summary_large_image","twitter_site":"@BromeVillage","schema":{"@context":"https:\/\/schema.org","@graph":[{"@type":"WebPage","@id":"https:\/\/bromevillage.ca\/en\/transit\/","url":"https:\/\/bromevillage.ca\/en\/transit\/","name":"Public transit - Municipality of Brome Village","isPartOf":{"@id":"https:\/\/bromevillage.ca\/en\/#website"},"datePublished":"2021-01-04T01:28:48+00:00","dateModified":"2021-02-09T14:11:49+00:00","description":"Bienvenue sur le site web de la municipalit\u00e9 du Village de Brome, reconnu comme \u00e9tant l'h\u00f4te d'une de plus importantes expositions agricoles du Qu\u00e9bec, la Municipalit\u00e9 du village de Brome b\u00e9n\u00e9ficie d\u2019une vue exceptionnelle sur le massif des Monts Sutton, de grands espaces, de tranquillit\u00e9 ainsi qu'un esprit d'entraide et de solidarit\u00e9.","breadcrumb":{"@id":"https:\/\/bromevillage.ca\/en\/transit\/#breadcrumb"},"inLanguage":"en-US","potentialAction":[{"@type":"ReadAction","target":["https:\/\/bromevillage.ca\/en\/transit\/"]}]},{"@type":"BreadcrumbList","@id":"https:\/\/bromevillage.ca\/en\/transit\/#breadcrumb","itemListElement":[{"@type":"ListItem","position":1,"name":"Accueil","item":"https:\/\/bromevillage.ca\/en\/"},{"@type":"ListItem","position":2,"name":"Public transit"}]},{"@type":"WebSite","@id":"https:\/\/bromevillage.ca\/en\/#website","url":"https:\/\/bromevillage.ca\/en\/","name":"Municipalit\u00e9 du village de Brome","description":"Village de Brome - Brome Village","publisher":{"@id":"https:\/\/bromevillage.ca\/en\/#organization"},"potentialAction":[{"@type":"SearchAction","target":{"@type":"EntryPoint","urlTemplate":"https:\/\/bromevillage.ca\/en\/?s={search_term_string}"},"query-input":{"@type":"PropertyValueSpecification","valueRequired":true,"valueName":"search_term_string"}}],"inLanguage":"en-US"},{"@type":"Organization","@id":"https:\/\/bromevillage.ca\/en\/#organization","name":"Municipality of Brome Village","url":"https:\/\/bromevillage.ca\/en\/","logo":{"@type":"ImageObject","inLanguage":"en-US","@id":"https:\/\/bromevillage.ca\/en\/#\/schema\/logo\/image\/","url":"https:\/\/i0.wp.com\/bromevillage.ca\/wp-content\/uploads\/2020\/12\/Village-de-Brome-logo.png?fit=617%2C519&ssl=1","contentUrl":"https:\/\/i0.wp.com\/bromevillage.ca\/wp-content\/uploads\/2020\/12\/Village-de-Brome-logo.png?fit=617%2C519&ssl=1","width":617,"height":519,"caption":"Municipality of Brome Village"},"image":{"@id":"https:\/\/bromevillage.ca\/en\/#\/schema\/logo\/image\/"},"sameAs":["https:\/\/www.facebook.com\/Bromevillage","https:\/\/x.com\/BromeVillage"]}]}},"jetpack_sharing_enabled":true,"_links":{"self":[{"href":"https:\/\/bromevillage.ca\/en\/wp-json\/wp\/v2\/pages\/317","targetHints":{"allow":["GET"]}}],"collection":[{"href":"https:\/\/bromevillage.ca\/en\/wp-json\/wp\/v2\/pages"}],"about":[{"href":"https:\/\/bromevillage.ca\/en\/wp-json\/wp\/v2\/types\/page"}],"author":[{"embeddable":true,"href":"https:\/\/bromevillage.ca\/en\/wp-json\/wp\/v2\/users\/1"}],"replies":[{"embeddable":true,"href":"https:\/\/bromevillage.ca\/en\/wp-json\/wp\/v2\/comments?post=317"}],"version-history":[{"count":8,"href":"https:\/\/bromevillage.ca\/en\/wp-json\/wp\/v2\/pages\/317\/revisions"}],"predecessor-version":[{"id":751,"href":"https:\/\/bromevillage.ca\/en\/wp-json\/wp\/v2\/pages\/317\/revisions\/751"}],"wp:attachment":[{"href":"https:\/\/bromevillage.ca\/en\/wp-json\/wp\/v2\/media?parent=317"}],"curies":[{"name":"wp","href":"https:\/\/api.w.org\/{rel}","templated":true}]}}