{"id":308,"date":"2021-01-03T20:21:27","date_gmt":"2021-01-04T01:21:27","guid":{"rendered":"https:\/\/bromevillage.ca\/city-council\/"},"modified":"2026-01-12T15:40:29","modified_gmt":"2026-01-12T20:40:29","slug":"city-council","status":"publish","type":"page","link":"https:\/\/bromevillage.ca\/en\/city-council\/","title":{"rendered":"City Council"},"content":{"rendered":"<div class=\"wpb-content-wrapper\"><p>[vc_row][vc_column][vc_custom_heading text=&#8221;City Council&#8221; use_theme_fonts=&#8221;yes&#8221;][vc_column_text]\n<h3><strong>The roles and responsibilities of the City Council<\/strong><\/h3>\n<p>The city council represents the municipality and makes administrative decisions on the direction and priorities of action of the Municipality. The city council is made up of one mayor and six councillors. The administration of the municipality is governed by administrative rules clearly defined in the law. Elected officials can only manage their municipality in accordance with these rules, unlike the private company, which can set them at its convenience, according to the management methods it deems appropriate.<\/p>\n<p>The Council makes decisions in the form of resolutions during public council meetings.[\/vc_column_text][\/vc_column][\/vc_row][vc_row][vc_column width=&#8221;1\/3&#8243;][\/vc_column][vc_column width=&#8221;1\/3&#8243;][vc_column_text]<strong>William Miller<\/strong><br \/>\nMayor[\/vc_column_text][\/vc_column][vc_column width=&#8221;1\/3&#8243;][\/vc_column][\/vc_row][vc_row][vc_column width=&#8221;1\/4&#8243;][\/vc_column][vc_column width=&#8221;1\/4&#8243;][vc_column_text css=&#8221;&#8221;]<strong>Anthony Allen<\/strong><br \/>\nCouncillor &#8211; Seat no. 1[\/vc_column_text][vc_column_text css=&#8221;&#8221;]<strong>Lynn Patenaude<\/strong><br \/>\nCouncillor &#8211; Seat no. 3[\/vc_column_text][vc_column_text css=&#8221;&#8221;]<strong>Christopher Whitehead<\/strong><br \/>\nCouncillor &#8211; Seat no. 5[\/vc_column_text][\/vc_column][vc_column width=&#8221;1\/4&#8243;][vc_column_text css=&#8221;&#8221;]<strong>Wesley Patch<\/strong><br \/>\nCouncillor &#8211; Seat no. 2<\/p>\n<p>[\/vc_column_text][vc_column_text css=&#8221;&#8221;]<strong>Lisa B\u00e9langer<\/strong><br \/>\nCouncillor &#8211; Seat no. 4[\/vc_column_text][vc_column_text css=&#8221;&#8221;]<strong>Larry Royea<\/strong><br \/>\nCouncillor &#8211; Seat no. 6[\/vc_column_text][\/vc_column][vc_column width=&#8221;1\/4&#8243;][\/vc_column][\/vc_row][vc_row][vc_column width=&#8221;1\/2&#8243;][vc_column_text css=&#8221;&#8221;]\n<h3>Council meetings calendar for 2026<\/h3>\n<table width=\"75%\" align=\"center\">\n<tbody>\n<tr>\n<td>\n<ul>\n<li>January 12th 2026<\/li>\n<li>February 2nd 2026<\/li>\n<li>March 2nd 2026<\/li>\n<li>April 13th 2026<\/li>\n<li>May 4th 2026<\/li>\n<li>June 1st 2026<\/li>\n<\/ul>\n<\/td>\n<td>\n<ul>\n<li>July 6th 2026<\/li>\n<li>August 3rd 2026<\/li>\n<li>September 14th 2026<\/li>\n<li>October 5th 2026<\/li>\n<li>November 2nd 2026<\/li>\n<li>December 7th 2026<\/li>\n<\/ul>\n<\/td>\n<\/tr>\n<\/tbody>\n<\/table>\n<p>[\/vc_column_text][\/vc_column][vc_column width=&#8221;1\/2&#8243;][\/vc_column][\/vc_row][vc_row][vc_column][vc_separator][vc_custom_heading text=&#8221;Ask the City Council a question&#8221; use_theme_fonts=&#8221;yes&#8221;]\n<div class=\"wpcf7 no-js\" id=\"wpcf7-f432-o1\" lang=\"en-US\" dir=\"ltr\" data-wpcf7-id=\"432\">\n<div class=\"screen-reader-response\"><p role=\"status\" aria-live=\"polite\" aria-atomic=\"true\"><\/p> <ul><\/ul><\/div>\n<form action=\"\/en\/wp-json\/wp\/v2\/pages\/308#wpcf7-f432-o1\" method=\"post\" class=\"wpcf7-form init\" aria-label=\"Contact form\" novalidate=\"novalidate\" data-status=\"init\">\n<fieldset class=\"hidden-fields-container\"><input type=\"hidden\" name=\"_wpcf7\" value=\"432\" \/><input type=\"hidden\" name=\"_wpcf7_version\" value=\"6.1.5\" \/><input type=\"hidden\" name=\"_wpcf7_locale\" value=\"en_US\" \/><input type=\"hidden\" name=\"_wpcf7_unit_tag\" value=\"wpcf7-f432-o1\" \/><input type=\"hidden\" name=\"_wpcf7_container_post\" value=\"0\" \/><input type=\"hidden\" name=\"_wpcf7_posted_data_hash\" value=\"\" \/>\n<\/fieldset>\n<p><label> Your name<br \/>\n<span class=\"wpcf7-form-control-wrap\" data-name=\"your-name\"><input size=\"40\" maxlength=\"400\" class=\"wpcf7-form-control wpcf7-text wpcf7-validates-as-required\" aria-required=\"true\" aria-invalid=\"false\" value=\"\" type=\"text\" name=\"your-name\" \/><\/span> <\/label>\n<\/p>\n<p><label> Your phone number<br \/>\n<span class=\"wpcf7-form-control-wrap\" data-name=\"tel-279\"><input size=\"40\" maxlength=\"400\" class=\"wpcf7-form-control wpcf7-tel wpcf7-validates-as-required wpcf7-text wpcf7-validates-as-tel\" aria-required=\"true\" aria-invalid=\"false\" value=\"\" type=\"tel\" name=\"tel-279\" \/><\/span> <\/label>\n<\/p>\n<p><label> Your email<br \/>\n<span class=\"wpcf7-form-control-wrap\" data-name=\"your-email\"><input size=\"40\" maxlength=\"400\" class=\"wpcf7-form-control wpcf7-email wpcf7-validates-as-required wpcf7-text wpcf7-validates-as-email\" aria-required=\"true\" aria-invalid=\"false\" value=\"\" type=\"email\" name=\"your-email\" \/><\/span> <\/label>\n<\/p>\n<p><label> Your question<br \/>\n<span class=\"wpcf7-form-control-wrap\" data-name=\"your-message\"><textarea cols=\"40\" rows=\"10\" maxlength=\"2000\" class=\"wpcf7-form-control wpcf7-textarea wpcf7-validates-as-required\" aria-required=\"true\" aria-invalid=\"false\" name=\"your-message\"><\/textarea><\/span> <\/label>\n<\/p>\n<p><input class=\"wpcf7-form-control wpcf7-submit has-spinner\" type=\"submit\" value=\"Send\" \/>\n<\/p><p style=\"display: none !important;\" class=\"akismet-fields-container\" data-prefix=\"_wpcf7_ak_\"><label>&#916;<textarea name=\"_wpcf7_ak_hp_textarea\" cols=\"45\" rows=\"8\" maxlength=\"100\"><\/textarea><\/label><input type=\"hidden\" id=\"ak_js_1\" name=\"_wpcf7_ak_js\" value=\"63\"\/><script type=\"text\/javascript\">\n\/* <![CDATA[ *\/\ndocument.getElementById( \"ak_js_1\" ).setAttribute( \"value\", ( new Date() ).getTime() );\n\/* ]]> *\/\n<\/script>\n<\/p><div class=\"wpcf7-response-output\" aria-hidden=\"true\"><\/div>\n<\/form>\n<\/div>\n[\/vc_column][\/vc_row]\n<\/div>","protected":false},"excerpt":{"rendered":"<p>[vc_row][vc_column][vc_custom_heading text=&#8221;City Council&#8221; use_theme_fonts=&#8221;yes&#8221;][vc_column_text] The roles and responsibilities of the City Council The city council represents the municipality and makes administrative decisions on the direction and priorities of action of the Municipality. The city council is made up of one mayor and six councillors. The administration of the municipality is governed by administrative rules clearly [&hellip;]<\/p>\n","protected":false},"author":1,"featured_media":0,"parent":0,"menu_order":0,"comment_status":"closed","ping_status":"closed","template":"page-templates\/default-without-title.php","meta":{"_coblocks_attr":"","_coblocks_dimensions":"","_coblocks_responsive_height":"","_coblocks_accordion_ie_support":"","footnotes":""},"class_list":["post-308","page","type-page","status-publish","hentry"],"yoast_head":"<!-- This site is optimized with the Yoast SEO plugin v27.5 - https:\/\/yoast.com\/product\/yoast-seo-wordpress\/ -->\n<title>City Council - Municipality of Brome Village<\/title>\n<meta name=\"description\" content=\"Bienvenue sur le site web de la municipalit\u00e9 du Village de Brome, reconnu comme \u00e9tant l&#039;h\u00f4te d&#039;une de plus importantes expositions agricoles du Qu\u00e9bec, la Municipalit\u00e9 du village de Brome b\u00e9n\u00e9ficie d\u2019une vue exceptionnelle sur le massif des Monts Sutton, de grands espaces, de tranquillit\u00e9 ainsi qu&#039;un esprit d&#039;entraide et de solidarit\u00e9.\" \/>\n<meta name=\"robots\" content=\"index, follow, max-snippet:-1, max-image-preview:large, max-video-preview:-1\" \/>\n<link rel=\"canonical\" href=\"https:\/\/bromevillage.ca\/en\/city-council\/\" \/>\n<meta property=\"og:locale\" content=\"en_US\" \/>\n<meta property=\"og:type\" content=\"article\" \/>\n<meta property=\"og:title\" content=\"City Council - Municipality of Brome Village\" \/>\n<meta property=\"og:description\" content=\"Bienvenue sur le site web de la municipalit\u00e9 du Village de Brome, reconnu comme \u00e9tant l&#039;h\u00f4te d&#039;une de plus importantes expositions agricoles du Qu\u00e9bec, la Municipalit\u00e9 du village de Brome b\u00e9n\u00e9ficie d\u2019une vue exceptionnelle sur le massif des Monts Sutton, de grands espaces, de tranquillit\u00e9 ainsi qu&#039;un esprit d&#039;entraide et de solidarit\u00e9.\" \/>\n<meta property=\"og:url\" content=\"https:\/\/bromevillage.ca\/en\/city-council\/\" \/>\n<meta property=\"og:site_name\" content=\"Municipality of Brome Village\" \/>\n<meta property=\"article:publisher\" content=\"https:\/\/www.facebook.com\/Bromevillage\" \/>\n<meta property=\"article:modified_time\" content=\"2026-01-12T20:40:29+00:00\" \/>\n<meta property=\"og:image\" content=\"https:\/\/i0.wp.com\/bromevillage.ca\/wp-content\/uploads\/2020\/12\/Background-hiver.jpg?fit=1067%2C800&ssl=1\" \/>\n\t<meta property=\"og:image:width\" content=\"1067\" \/>\n\t<meta property=\"og:image:height\" content=\"800\" \/>\n\t<meta property=\"og:image:type\" content=\"image\/jpeg\" \/>\n<meta name=\"twitter:card\" content=\"summary_large_image\" \/>\n<meta name=\"twitter:site\" content=\"@BromeVillage\" \/>\n<script type=\"application\/ld+json\" class=\"yoast-schema-graph\">{\"@context\":\"https:\\\/\\\/schema.org\",\"@graph\":[{\"@type\":\"WebPage\",\"@id\":\"https:\\\/\\\/bromevillage.ca\\\/en\\\/city-council\\\/\",\"url\":\"https:\\\/\\\/bromevillage.ca\\\/en\\\/city-council\\\/\",\"name\":\"City Council - Municipality of Brome Village\",\"isPartOf\":{\"@id\":\"https:\\\/\\\/bromevillage.ca\\\/en\\\/#website\"},\"datePublished\":\"2021-01-04T01:21:27+00:00\",\"dateModified\":\"2026-01-12T20:40:29+00:00\",\"description\":\"Bienvenue sur le site web de la municipalit\u00e9 du Village de Brome, reconnu comme \u00e9tant l'h\u00f4te d'une de plus importantes expositions agricoles du Qu\u00e9bec, la Municipalit\u00e9 du village de Brome b\u00e9n\u00e9ficie d\u2019une vue exceptionnelle sur le massif des Monts Sutton, de grands espaces, de tranquillit\u00e9 ainsi qu'un esprit d'entraide et de solidarit\u00e9.\",\"breadcrumb\":{\"@id\":\"https:\\\/\\\/bromevillage.ca\\\/en\\\/city-council\\\/#breadcrumb\"},\"inLanguage\":\"en-US\",\"potentialAction\":[{\"@type\":\"ReadAction\",\"target\":[\"https:\\\/\\\/bromevillage.ca\\\/en\\\/city-council\\\/\"]}]},{\"@type\":\"BreadcrumbList\",\"@id\":\"https:\\\/\\\/bromevillage.ca\\\/en\\\/city-council\\\/#breadcrumb\",\"itemListElement\":[{\"@type\":\"ListItem\",\"position\":1,\"name\":\"Accueil\",\"item\":\"https:\\\/\\\/bromevillage.ca\\\/en\\\/\"},{\"@type\":\"ListItem\",\"position\":2,\"name\":\"City Council\"}]},{\"@type\":\"WebSite\",\"@id\":\"https:\\\/\\\/bromevillage.ca\\\/en\\\/#website\",\"url\":\"https:\\\/\\\/bromevillage.ca\\\/en\\\/\",\"name\":\"Municipalit\u00e9 du village de Brome\",\"description\":\"Village de Brome - Brome Village\",\"publisher\":{\"@id\":\"https:\\\/\\\/bromevillage.ca\\\/en\\\/#organization\"},\"potentialAction\":[{\"@type\":\"SearchAction\",\"target\":{\"@type\":\"EntryPoint\",\"urlTemplate\":\"https:\\\/\\\/bromevillage.ca\\\/en\\\/?s={search_term_string}\"},\"query-input\":{\"@type\":\"PropertyValueSpecification\",\"valueRequired\":true,\"valueName\":\"search_term_string\"}}],\"inLanguage\":\"en-US\"},{\"@type\":\"Organization\",\"@id\":\"https:\\\/\\\/bromevillage.ca\\\/en\\\/#organization\",\"name\":\"Municipality of Brome Village\",\"url\":\"https:\\\/\\\/bromevillage.ca\\\/en\\\/\",\"logo\":{\"@type\":\"ImageObject\",\"inLanguage\":\"en-US\",\"@id\":\"https:\\\/\\\/bromevillage.ca\\\/en\\\/#\\\/schema\\\/logo\\\/image\\\/\",\"url\":\"https:\\\/\\\/i0.wp.com\\\/bromevillage.ca\\\/wp-content\\\/uploads\\\/2020\\\/12\\\/Village-de-Brome-logo.png?fit=617%2C519&ssl=1\",\"contentUrl\":\"https:\\\/\\\/i0.wp.com\\\/bromevillage.ca\\\/wp-content\\\/uploads\\\/2020\\\/12\\\/Village-de-Brome-logo.png?fit=617%2C519&ssl=1\",\"width\":617,\"height\":519,\"caption\":\"Municipality of Brome Village\"},\"image\":{\"@id\":\"https:\\\/\\\/bromevillage.ca\\\/en\\\/#\\\/schema\\\/logo\\\/image\\\/\"},\"sameAs\":[\"https:\\\/\\\/www.facebook.com\\\/Bromevillage\",\"https:\\\/\\\/x.com\\\/BromeVillage\"]}]}<\/script>\n<!-- \/ Yoast SEO plugin. -->","yoast_head_json":{"title":"City Council - Municipality of Brome Village","description":"Bienvenue sur le site web de la municipalit\u00e9 du Village de Brome, reconnu comme \u00e9tant l'h\u00f4te d'une de plus importantes expositions agricoles du Qu\u00e9bec, la Municipalit\u00e9 du village de Brome b\u00e9n\u00e9ficie d\u2019une vue exceptionnelle sur le massif des Monts Sutton, de grands espaces, de tranquillit\u00e9 ainsi qu'un esprit d'entraide et de solidarit\u00e9.","robots":{"index":"index","follow":"follow","max-snippet":"max-snippet:-1","max-image-preview":"max-image-preview:large","max-video-preview":"max-video-preview:-1"},"canonical":"https:\/\/bromevillage.ca\/en\/city-council\/","og_locale":"en_US","og_type":"article","og_title":"City Council - Municipality of Brome Village","og_description":"Bienvenue sur le site web de la municipalit\u00e9 du Village de Brome, reconnu comme \u00e9tant l'h\u00f4te d'une de plus importantes expositions agricoles du Qu\u00e9bec, la Municipalit\u00e9 du village de Brome b\u00e9n\u00e9ficie d\u2019une vue exceptionnelle sur le massif des Monts Sutton, de grands espaces, de tranquillit\u00e9 ainsi qu'un esprit d'entraide et de solidarit\u00e9.","og_url":"https:\/\/bromevillage.ca\/en\/city-council\/","og_site_name":"Municipality of Brome Village","article_publisher":"https:\/\/www.facebook.com\/Bromevillage","article_modified_time":"2026-01-12T20:40:29+00:00","og_image":[{"width":1067,"height":800,"url":"https:\/\/i0.wp.com\/bromevillage.ca\/wp-content\/uploads\/2020\/12\/Background-hiver.jpg?fit=1067%2C800&ssl=1","type":"image\/jpeg"}],"twitter_card":"summary_large_image","twitter_site":"@BromeVillage","schema":{"@context":"https:\/\/schema.org","@graph":[{"@type":"WebPage","@id":"https:\/\/bromevillage.ca\/en\/city-council\/","url":"https:\/\/bromevillage.ca\/en\/city-council\/","name":"City Council - Municipality of Brome Village","isPartOf":{"@id":"https:\/\/bromevillage.ca\/en\/#website"},"datePublished":"2021-01-04T01:21:27+00:00","dateModified":"2026-01-12T20:40:29+00:00","description":"Bienvenue sur le site web de la municipalit\u00e9 du Village de Brome, reconnu comme \u00e9tant l'h\u00f4te d'une de plus importantes expositions agricoles du Qu\u00e9bec, la Municipalit\u00e9 du village de Brome b\u00e9n\u00e9ficie d\u2019une vue exceptionnelle sur le massif des Monts Sutton, de grands espaces, de tranquillit\u00e9 ainsi qu'un esprit d'entraide et de solidarit\u00e9.","breadcrumb":{"@id":"https:\/\/bromevillage.ca\/en\/city-council\/#breadcrumb"},"inLanguage":"en-US","potentialAction":[{"@type":"ReadAction","target":["https:\/\/bromevillage.ca\/en\/city-council\/"]}]},{"@type":"BreadcrumbList","@id":"https:\/\/bromevillage.ca\/en\/city-council\/#breadcrumb","itemListElement":[{"@type":"ListItem","position":1,"name":"Accueil","item":"https:\/\/bromevillage.ca\/en\/"},{"@type":"ListItem","position":2,"name":"City Council"}]},{"@type":"WebSite","@id":"https:\/\/bromevillage.ca\/en\/#website","url":"https:\/\/bromevillage.ca\/en\/","name":"Municipalit\u00e9 du village de Brome","description":"Village de Brome - Brome Village","publisher":{"@id":"https:\/\/bromevillage.ca\/en\/#organization"},"potentialAction":[{"@type":"SearchAction","target":{"@type":"EntryPoint","urlTemplate":"https:\/\/bromevillage.ca\/en\/?s={search_term_string}"},"query-input":{"@type":"PropertyValueSpecification","valueRequired":true,"valueName":"search_term_string"}}],"inLanguage":"en-US"},{"@type":"Organization","@id":"https:\/\/bromevillage.ca\/en\/#organization","name":"Municipality of Brome Village","url":"https:\/\/bromevillage.ca\/en\/","logo":{"@type":"ImageObject","inLanguage":"en-US","@id":"https:\/\/bromevillage.ca\/en\/#\/schema\/logo\/image\/","url":"https:\/\/i0.wp.com\/bromevillage.ca\/wp-content\/uploads\/2020\/12\/Village-de-Brome-logo.png?fit=617%2C519&ssl=1","contentUrl":"https:\/\/i0.wp.com\/bromevillage.ca\/wp-content\/uploads\/2020\/12\/Village-de-Brome-logo.png?fit=617%2C519&ssl=1","width":617,"height":519,"caption":"Municipality of Brome Village"},"image":{"@id":"https:\/\/bromevillage.ca\/en\/#\/schema\/logo\/image\/"},"sameAs":["https:\/\/www.facebook.com\/Bromevillage","https:\/\/x.com\/BromeVillage"]}]}},"jetpack_sharing_enabled":true,"_links":{"self":[{"href":"https:\/\/bromevillage.ca\/en\/wp-json\/wp\/v2\/pages\/308","targetHints":{"allow":["GET"]}}],"collection":[{"href":"https:\/\/bromevillage.ca\/en\/wp-json\/wp\/v2\/pages"}],"about":[{"href":"https:\/\/bromevillage.ca\/en\/wp-json\/wp\/v2\/types\/page"}],"author":[{"embeddable":true,"href":"https:\/\/bromevillage.ca\/en\/wp-json\/wp\/v2\/users\/1"}],"replies":[{"embeddable":true,"href":"https:\/\/bromevillage.ca\/en\/wp-json\/wp\/v2\/comments?post=308"}],"version-history":[{"count":19,"href":"https:\/\/bromevillage.ca\/en\/wp-json\/wp\/v2\/pages\/308\/revisions"}],"predecessor-version":[{"id":2438,"href":"https:\/\/bromevillage.ca\/en\/wp-json\/wp\/v2\/pages\/308\/revisions\/2438"}],"wp:attachment":[{"href":"https:\/\/bromevillage.ca\/en\/wp-json\/wp\/v2\/media?parent=308"}],"curies":[{"name":"wp","href":"https:\/\/api.w.org\/{rel}","templated":true}]}}