{"id":301,"date":"2021-01-03T20:27:06","date_gmt":"2021-01-04T01:27:06","guid":{"rendered":"https:\/\/bromevillage.ca\/waste\/"},"modified":"2025-12-24T14:39:50","modified_gmt":"2025-12-24T19:39:50","slug":"waste","status":"publish","type":"page","link":"https:\/\/bromevillage.ca\/en\/waste\/","title":{"rendered":"Residual waste"},"content":{"rendered":"<div class=\"wpb-content-wrapper\"><p>[vc_row][vc_column][vc_custom_heading text=&#8221;Residual waste&#8221; use_theme_fonts=&#8221;yes&#8221;][vc_column_text]The management of residual materials is a major issue for the preservation of our environment.\u00a0 Selective sorting, reducing waste at the source, invidual composting are gestures that count and we all have a roll to play.<br \/>\nThe following gives you the information you need to sort efficiently and allow you to arrange the different materials in the right place.<\/p>\n<h3>Collection Calendar<\/h3>\n<p><a href=\"https:\/\/bromevillage.ca\/wp-content\/uploads\/Calendrier2026.pdf\" target=\"_blank\" rel=\"noopener\">2026 Calendar<\/a><\/p>\n<p><a href=\"https:\/\/bromevillage.ca\/wp-content\/uploads\/Calendrier2025Revise.pdf\" target=\"_blank\" rel=\"noopener\">2025 Calendar<\/a><\/p>\n<h3>Ecocentre<\/h3>\n<p>The Cowansville regional ecocentre is <strong>open<\/strong> free of charge from <strong>Monday to Saturday<\/strong> all year round. It is <strong>closed on Sundays and holidays<\/strong>.<br \/>\nThe <a href=\"https:\/\/zone-eco.ca\/enfouissement\/\" target=\"_blank\" rel=\"noopener\"><strong>dump<\/strong><\/a> is <strong>open<\/strong> from <strong>Monday to Friday<\/strong>.<br \/>\n<a href=\"https:\/\/bromevillage.ca\/wp-content\/uploads\/guide_ecocenter_august2023.pdf\" target=\"_blank\" rel=\"noopener\">Guide Ecocentres<\/a><\/p>\n<p>For more information on ecocentres, follow this link : <a href=\"https:\/\/bmvert.ca\/en\/ecocenters\/\" target=\"_blank\" rel=\"noopener\">Ecocentres<\/a><\/p>\n<h3>Construction Materials<\/h3>\n<p>It is forbidden to dispose of construction materials in the household waste or recycling bin. Some of these materials are reclaimed free of charge at Ecocentres.<br \/>\nFor more information, follow this <a href=\"https:\/\/www.mrcbm.qc.ca\/en\/recycling\" target=\"_blank\" rel=\"noopener\">link<\/a> and scroll down to the <strong>Refused materials<\/strong> section for a list of products that can be dropped off at the ecocentre.<\/p>\n<h3>Dead leaves and grass clippings (Grasscycling)<\/h3>\n<p>You can bring your dead leaves to the Cowansville regional ecocentre.\u00a0 You can also decide to grasscycle, which is the action of leaving grass clippings on the ground while mowing.<br \/>\nFor more information, click on this <a href=\"https:\/\/www.mrcbm.qc.ca\/en\/grasscycling-and-leafcycling\" target=\"_blank\" rel=\"noopener\">link.<\/a><\/p>\n<h3>Compostable Materials<\/h3>\n<p>Compostable materials include table scraps and yard waste.\u00a0 This category of materials accounts for nearly 60% of landfilled residential materials. This is why it is important to set up various programs to enhance them rather than bury them.<br \/>\nFor more information, click on this <a href=\"https:\/\/www.mrcbm.qc.ca\/en\/compost\" target=\"_blank\" rel=\"noopener\">link.<\/a><\/p>\n<h3>Electronic Products<\/h3>\n<p>End-of-life electronic products and be recycled FREE of charge by simply brining the old products to an official EPRA-Quebec drop-off point.<\/p>\n<p><a href=\"https:\/\/recyclemyelectronics.ca\/qc\/where-can-i-recycle\/\" target=\"_blank\" rel=\"noopener\">Find an EPRA-Qu\u00e9bec drop-off point near you.<\/a><\/p>\n<h3>Batteries<\/h3>\n<p>Several businesses in the region collect batteries, find out.[\/vc_column_text][\/vc_column][\/vc_row][vc_row][vc_column][vc_separator][\/vc_column][\/vc_row]\n<\/div>","protected":false},"excerpt":{"rendered":"<p>[vc_row][vc_column][vc_custom_heading text=&#8221;Residual waste&#8221; use_theme_fonts=&#8221;yes&#8221;][vc_column_text]The management of residual materials is a major issue for the preservation of our environment.\u00a0 Selective sorting, reducing waste at the source, invidual composting are gestures that count and we all have a roll to play. The following gives you the information you need to sort efficiently and allow you to arrange [&hellip;]<\/p>\n","protected":false},"author":1,"featured_media":0,"parent":0,"menu_order":0,"comment_status":"closed","ping_status":"closed","template":"page-templates\/default-without-title.php","meta":{"_coblocks_attr":"","_coblocks_dimensions":"","_coblocks_responsive_height":"","_coblocks_accordion_ie_support":"","footnotes":""},"class_list":["post-301","page","type-page","status-publish","hentry"],"yoast_head":"<!-- This site is optimized with the Yoast SEO plugin v27.5 - https:\/\/yoast.com\/product\/yoast-seo-wordpress\/ -->\n<title>Residual waste - Municipality of Brome Village<\/title>\n<meta name=\"description\" content=\"Bienvenue sur le site web de la municipalit\u00e9 du Village de Brome, reconnu comme \u00e9tant l&#039;h\u00f4te d&#039;une de plus importantes expositions agricoles du Qu\u00e9bec, la Municipalit\u00e9 du village de Brome b\u00e9n\u00e9ficie d\u2019une vue exceptionnelle sur le massif des Monts Sutton, de grands espaces, de tranquillit\u00e9 ainsi qu&#039;un esprit d&#039;entraide et de solidarit\u00e9.\" \/>\n<meta name=\"robots\" content=\"index, follow, max-snippet:-1, max-image-preview:large, max-video-preview:-1\" \/>\n<link rel=\"canonical\" href=\"https:\/\/bromevillage.ca\/en\/waste\/\" \/>\n<meta property=\"og:locale\" content=\"en_US\" \/>\n<meta property=\"og:type\" content=\"article\" \/>\n<meta property=\"og:title\" content=\"Residual waste - Municipality of Brome Village\" \/>\n<meta property=\"og:description\" content=\"Bienvenue sur le site web de la municipalit\u00e9 du Village de Brome, reconnu comme \u00e9tant l&#039;h\u00f4te d&#039;une de plus importantes expositions agricoles du Qu\u00e9bec, la Municipalit\u00e9 du village de Brome b\u00e9n\u00e9ficie d\u2019une vue exceptionnelle sur le massif des Monts Sutton, de grands espaces, de tranquillit\u00e9 ainsi qu&#039;un esprit d&#039;entraide et de solidarit\u00e9.\" \/>\n<meta property=\"og:url\" content=\"https:\/\/bromevillage.ca\/en\/waste\/\" \/>\n<meta property=\"og:site_name\" content=\"Municipality of Brome Village\" \/>\n<meta property=\"article:publisher\" content=\"https:\/\/www.facebook.com\/Bromevillage\" \/>\n<meta property=\"article:modified_time\" content=\"2025-12-24T19:39:50+00:00\" \/>\n<meta property=\"og:image\" content=\"https:\/\/i0.wp.com\/bromevillage.ca\/wp-content\/uploads\/2020\/12\/Background-hiver.jpg?fit=1067%2C800&ssl=1\" \/>\n\t<meta property=\"og:image:width\" content=\"1067\" \/>\n\t<meta property=\"og:image:height\" content=\"800\" \/>\n\t<meta property=\"og:image:type\" content=\"image\/jpeg\" \/>\n<meta name=\"twitter:card\" content=\"summary_large_image\" \/>\n<meta name=\"twitter:site\" content=\"@BromeVillage\" \/>\n<script type=\"application\/ld+json\" class=\"yoast-schema-graph\">{\"@context\":\"https:\\\/\\\/schema.org\",\"@graph\":[{\"@type\":\"WebPage\",\"@id\":\"https:\\\/\\\/bromevillage.ca\\\/en\\\/waste\\\/\",\"url\":\"https:\\\/\\\/bromevillage.ca\\\/en\\\/waste\\\/\",\"name\":\"Residual waste - Municipality of Brome Village\",\"isPartOf\":{\"@id\":\"https:\\\/\\\/bromevillage.ca\\\/en\\\/#website\"},\"datePublished\":\"2021-01-04T01:27:06+00:00\",\"dateModified\":\"2025-12-24T19:39:50+00:00\",\"description\":\"Bienvenue sur le site web de la municipalit\u00e9 du Village de Brome, reconnu comme \u00e9tant l'h\u00f4te d'une de plus importantes expositions agricoles du Qu\u00e9bec, la Municipalit\u00e9 du village de Brome b\u00e9n\u00e9ficie d\u2019une vue exceptionnelle sur le massif des Monts Sutton, de grands espaces, de tranquillit\u00e9 ainsi qu'un esprit d'entraide et de solidarit\u00e9.\",\"breadcrumb\":{\"@id\":\"https:\\\/\\\/bromevillage.ca\\\/en\\\/waste\\\/#breadcrumb\"},\"inLanguage\":\"en-US\",\"potentialAction\":[{\"@type\":\"ReadAction\",\"target\":[\"https:\\\/\\\/bromevillage.ca\\\/en\\\/waste\\\/\"]}]},{\"@type\":\"BreadcrumbList\",\"@id\":\"https:\\\/\\\/bromevillage.ca\\\/en\\\/waste\\\/#breadcrumb\",\"itemListElement\":[{\"@type\":\"ListItem\",\"position\":1,\"name\":\"Accueil\",\"item\":\"https:\\\/\\\/bromevillage.ca\\\/en\\\/\"},{\"@type\":\"ListItem\",\"position\":2,\"name\":\"Residual waste\"}]},{\"@type\":\"WebSite\",\"@id\":\"https:\\\/\\\/bromevillage.ca\\\/en\\\/#website\",\"url\":\"https:\\\/\\\/bromevillage.ca\\\/en\\\/\",\"name\":\"Municipalit\u00e9 du village de Brome\",\"description\":\"Village de Brome - Brome Village\",\"publisher\":{\"@id\":\"https:\\\/\\\/bromevillage.ca\\\/en\\\/#organization\"},\"potentialAction\":[{\"@type\":\"SearchAction\",\"target\":{\"@type\":\"EntryPoint\",\"urlTemplate\":\"https:\\\/\\\/bromevillage.ca\\\/en\\\/?s={search_term_string}\"},\"query-input\":{\"@type\":\"PropertyValueSpecification\",\"valueRequired\":true,\"valueName\":\"search_term_string\"}}],\"inLanguage\":\"en-US\"},{\"@type\":\"Organization\",\"@id\":\"https:\\\/\\\/bromevillage.ca\\\/en\\\/#organization\",\"name\":\"Municipality of Brome Village\",\"url\":\"https:\\\/\\\/bromevillage.ca\\\/en\\\/\",\"logo\":{\"@type\":\"ImageObject\",\"inLanguage\":\"en-US\",\"@id\":\"https:\\\/\\\/bromevillage.ca\\\/en\\\/#\\\/schema\\\/logo\\\/image\\\/\",\"url\":\"https:\\\/\\\/i0.wp.com\\\/bromevillage.ca\\\/wp-content\\\/uploads\\\/2020\\\/12\\\/Village-de-Brome-logo.png?fit=617%2C519&ssl=1\",\"contentUrl\":\"https:\\\/\\\/i0.wp.com\\\/bromevillage.ca\\\/wp-content\\\/uploads\\\/2020\\\/12\\\/Village-de-Brome-logo.png?fit=617%2C519&ssl=1\",\"width\":617,\"height\":519,\"caption\":\"Municipality of Brome Village\"},\"image\":{\"@id\":\"https:\\\/\\\/bromevillage.ca\\\/en\\\/#\\\/schema\\\/logo\\\/image\\\/\"},\"sameAs\":[\"https:\\\/\\\/www.facebook.com\\\/Bromevillage\",\"https:\\\/\\\/x.com\\\/BromeVillage\"]}]}<\/script>\n<!-- \/ Yoast SEO plugin. -->","yoast_head_json":{"title":"Residual waste - Municipality of Brome Village","description":"Bienvenue sur le site web de la municipalit\u00e9 du Village de Brome, reconnu comme \u00e9tant l'h\u00f4te d'une de plus importantes expositions agricoles du Qu\u00e9bec, la Municipalit\u00e9 du village de Brome b\u00e9n\u00e9ficie d\u2019une vue exceptionnelle sur le massif des Monts Sutton, de grands espaces, de tranquillit\u00e9 ainsi qu'un esprit d'entraide et de solidarit\u00e9.","robots":{"index":"index","follow":"follow","max-snippet":"max-snippet:-1","max-image-preview":"max-image-preview:large","max-video-preview":"max-video-preview:-1"},"canonical":"https:\/\/bromevillage.ca\/en\/waste\/","og_locale":"en_US","og_type":"article","og_title":"Residual waste - Municipality of Brome Village","og_description":"Bienvenue sur le site web de la municipalit\u00e9 du Village de Brome, reconnu comme \u00e9tant l'h\u00f4te d'une de plus importantes expositions agricoles du Qu\u00e9bec, la Municipalit\u00e9 du village de Brome b\u00e9n\u00e9ficie d\u2019une vue exceptionnelle sur le massif des Monts Sutton, de grands espaces, de tranquillit\u00e9 ainsi qu'un esprit d'entraide et de solidarit\u00e9.","og_url":"https:\/\/bromevillage.ca\/en\/waste\/","og_site_name":"Municipality of Brome Village","article_publisher":"https:\/\/www.facebook.com\/Bromevillage","article_modified_time":"2025-12-24T19:39:50+00:00","og_image":[{"width":1067,"height":800,"url":"https:\/\/i0.wp.com\/bromevillage.ca\/wp-content\/uploads\/2020\/12\/Background-hiver.jpg?fit=1067%2C800&ssl=1","type":"image\/jpeg"}],"twitter_card":"summary_large_image","twitter_site":"@BromeVillage","schema":{"@context":"https:\/\/schema.org","@graph":[{"@type":"WebPage","@id":"https:\/\/bromevillage.ca\/en\/waste\/","url":"https:\/\/bromevillage.ca\/en\/waste\/","name":"Residual waste - Municipality of Brome Village","isPartOf":{"@id":"https:\/\/bromevillage.ca\/en\/#website"},"datePublished":"2021-01-04T01:27:06+00:00","dateModified":"2025-12-24T19:39:50+00:00","description":"Bienvenue sur le site web de la municipalit\u00e9 du Village de Brome, reconnu comme \u00e9tant l'h\u00f4te d'une de plus importantes expositions agricoles du Qu\u00e9bec, la Municipalit\u00e9 du village de Brome b\u00e9n\u00e9ficie d\u2019une vue exceptionnelle sur le massif des Monts Sutton, de grands espaces, de tranquillit\u00e9 ainsi qu'un esprit d'entraide et de solidarit\u00e9.","breadcrumb":{"@id":"https:\/\/bromevillage.ca\/en\/waste\/#breadcrumb"},"inLanguage":"en-US","potentialAction":[{"@type":"ReadAction","target":["https:\/\/bromevillage.ca\/en\/waste\/"]}]},{"@type":"BreadcrumbList","@id":"https:\/\/bromevillage.ca\/en\/waste\/#breadcrumb","itemListElement":[{"@type":"ListItem","position":1,"name":"Accueil","item":"https:\/\/bromevillage.ca\/en\/"},{"@type":"ListItem","position":2,"name":"Residual waste"}]},{"@type":"WebSite","@id":"https:\/\/bromevillage.ca\/en\/#website","url":"https:\/\/bromevillage.ca\/en\/","name":"Municipalit\u00e9 du village de Brome","description":"Village de Brome - Brome Village","publisher":{"@id":"https:\/\/bromevillage.ca\/en\/#organization"},"potentialAction":[{"@type":"SearchAction","target":{"@type":"EntryPoint","urlTemplate":"https:\/\/bromevillage.ca\/en\/?s={search_term_string}"},"query-input":{"@type":"PropertyValueSpecification","valueRequired":true,"valueName":"search_term_string"}}],"inLanguage":"en-US"},{"@type":"Organization","@id":"https:\/\/bromevillage.ca\/en\/#organization","name":"Municipality of Brome Village","url":"https:\/\/bromevillage.ca\/en\/","logo":{"@type":"ImageObject","inLanguage":"en-US","@id":"https:\/\/bromevillage.ca\/en\/#\/schema\/logo\/image\/","url":"https:\/\/i0.wp.com\/bromevillage.ca\/wp-content\/uploads\/2020\/12\/Village-de-Brome-logo.png?fit=617%2C519&ssl=1","contentUrl":"https:\/\/i0.wp.com\/bromevillage.ca\/wp-content\/uploads\/2020\/12\/Village-de-Brome-logo.png?fit=617%2C519&ssl=1","width":617,"height":519,"caption":"Municipality of Brome Village"},"image":{"@id":"https:\/\/bromevillage.ca\/en\/#\/schema\/logo\/image\/"},"sameAs":["https:\/\/www.facebook.com\/Bromevillage","https:\/\/x.com\/BromeVillage"]}]}},"jetpack_sharing_enabled":true,"_links":{"self":[{"href":"https:\/\/bromevillage.ca\/en\/wp-json\/wp\/v2\/pages\/301","targetHints":{"allow":["GET"]}}],"collection":[{"href":"https:\/\/bromevillage.ca\/en\/wp-json\/wp\/v2\/pages"}],"about":[{"href":"https:\/\/bromevillage.ca\/en\/wp-json\/wp\/v2\/types\/page"}],"author":[{"embeddable":true,"href":"https:\/\/bromevillage.ca\/en\/wp-json\/wp\/v2\/users\/1"}],"replies":[{"embeddable":true,"href":"https:\/\/bromevillage.ca\/en\/wp-json\/wp\/v2\/comments?post=301"}],"version-history":[{"count":21,"href":"https:\/\/bromevillage.ca\/en\/wp-json\/wp\/v2\/pages\/301\/revisions"}],"predecessor-version":[{"id":2424,"href":"https:\/\/bromevillage.ca\/en\/wp-json\/wp\/v2\/pages\/301\/revisions\/2424"}],"wp:attachment":[{"href":"https:\/\/bromevillage.ca\/en\/wp-json\/wp\/v2\/media?parent=301"}],"curies":[{"name":"wp","href":"https:\/\/api.w.org\/{rel}","templated":true}]}}